{"id":22,"date":"2021-02-01T13:12:59","date_gmt":"2021-02-01T19:12:59","guid":{"rendered":"https:\/\/yasminebealerivaya.hcommons-staging.org\/?page_id=22"},"modified":"2022-09-01T10:29:52","modified_gmt":"2022-09-01T15:29:52","slug":"mentoring-internships-graduate-theses","status":"publish","type":"page","link":"https:\/\/yasminebealerivaya.hcommons-staging.org\/?page_id=22","title":{"rendered":"Mentoring: Internships &amp; Graduate Theses"},"content":{"rendered":"<p><em><strong>Dissertations:<\/strong><\/em><\/p>\n<p><strong>Member. <\/strong>PHD Committee. External. Jes\u00fas Aaron Carrasco Ju\u00e1rez. \u201cDanza de moros y cristianos en M\u00e9xico: S\u00edmbolos medievales vivos en el siglo XVI\u201d. Universidad Aut\u00f3noma de M\u00e9xico, FES Acatl\u00e1n. Director. Dr. Rodrigo Tirado. (expected completion 2023).<\/p>\n<p><em><strong>Theses:<\/strong><\/em><\/p>\n<p><strong>Member,\u00a0<\/strong>Master\u00b4s Thesis, &#8220;Saving The Spanish Home Language in Elementary Schools,&#8221; Status. Completed. Summer 2022. Education Bilingual\/Bicultural. Director. Dr. Paul Smith. Texas State University. Marcelino Saucedo, Graduate<\/p>\n<p><strong>Chair<\/strong>, Master&#8217;s Thesis, \u201cLa adquisici\u00f3n de palabras malsonantes,\u201d Status: Completed. Spring 2021. World Languages and Literatures, Texas State University.<br \/>\nWyatt Ince, Graduate<\/p>\n<p><strong>Chair<\/strong>, Master&#8217;s Thesis, \u201cProblemas en la traducci\u00f3n autom\u00e1tica,\u201d Status: Completed. Spring 2021. World Languages and Literatures, Texas State University.<br \/>\nCecilia McMahon, Graduate<\/p>\n<p><strong>Chair<\/strong>, Master&#8217;s Thesis, \u201cLa lengua espa\u00f1ola en la m\u00fasica del Valle de Texas,\u201d Status: Completed. 2020. World Languages and Literatures, Texas State University.<br \/>\nJos\u00e9 Rivera, Graduate<\/p>\n<p><strong>Chair<\/strong>, Master&#8217;s Thesis, \u201cIdeologi\u0301as Lingu\u0308i\u0301sticas en el Proyecto de Educacio\u0301n Intercultural Bilingu\u0308e en tres escuelas municipales de Temuco Chile,\u201d Status: Completed. 2018. Modern Languages, Texas State University.<br \/>\nMohit Mehta, Graduate Now enrolled in a PhD program at UT-Austin.<\/p>\n<p><strong>Chair<\/strong>, Master&#8217;s Thesis, &#8220;Hispanic Representations on Media Platforms: Perspectives and Stereotypes in The Meme, Television, Film, And On YouTube&#8221;, Status: Completed. 2015. Modern Languages, Texas State University.<br \/>\nArielle Akines, Graduate. Currently tenure-track<\/p>\n<p><strong>Member<\/strong>, Master&#8217;s Thesis, &#8220;El inadecuado acercamiento a la adquisici\u00f3n del l\u00e9xico y la estructura oracional en los textos de ense\u00f1anza del espa\u00f1ol como segunda lengua&#8221;, Status: Completed. 2015. Modern Languages, Texas State University.<br \/>\nJulia Sainz, Graduate.<\/p>\n<p><strong>Chair<\/strong>, Master&#8217;s Thesis, \u201cAdult Literacy among the Hispanic Population of Central Texas: Opportunities, Challenges, and Outcomes\u201d Status: Completed. 2014. Modern Languages, Texas State University.<br \/>\nAllison Yakel, Graduate.<\/p>\n<p><strong>Member<\/strong>, Master&#8217;s Thesis, Status: Completed. 2014. Department of Engineering Technology.<br \/>\nJasmine Autrey, Graduate.<\/p>\n<p><strong>Member,<\/strong> Master&#8217;s Thesis, &#8220;\u00bfPrimo hermano o falso amigo?&#8221;, Status: Completed. 2014.<br \/>\nLorella di Gregorio, Graduate. Currently Tenure-track<\/p>\n<p><strong>Chair<\/strong>, Master&#8217;s Thesis, Status: Completed. 2012. Modern Languages, Texas State University.<br \/>\nLorenzo Cano, Graduate.<\/p>\n<p><strong>Chair<\/strong>, Internship, Status: Completed. 2011.<br \/>\nLivia Edegger, Graduate.<\/p>\n<p><strong>Membe<\/strong>r, Master&#8217;s Thesis, &#8220;Comparaci\u00f3n de m\u00e9todos: Tres aproximaciones a la ense\u00f1anza de pronombres de objeto de espa\u00f1ol&#8221;, Status: Completed. 2010.<br \/>\nErin Mursch, Graduate. Lecturer<\/p>\n<p><strong>Member<\/strong>, Master&#8217;s Thesis, &#8220;A New Approach to the Teaching of Spanish as a Second Language: The Neuro-Cognitive Model&#8221;, Status: Completed. 2009.<br \/>\nClaire Meadows, Graduate.<\/p>\n<p><strong>Member<\/strong>, Master&#8217;s Thesis, &#8220;El rock argentino en tiempos revueltos: Del discurso underground al discurso oficial&#8221;, Status: Completed. 2009.<br \/>\nIda Benavides, Graduate.<\/p>\n<p><strong>Member<\/strong>, Master&#8217;s Thesis, Status: Completed. 2009. Department of Technology.<br \/>\nJasmine Autrey, Graduate.<\/p>\n<p><strong>Member<\/strong>, Master&#8217;s Thesis, &#8220;Garc\u00eda-Andalani: incurable y sin fronteras&#8221;, Status: Completed. 2008.<br \/>\nAnais Ortiz, Graduate.<\/p>\n<p><strong>Chair<\/strong>, Internship, Status: Proposal. 2007.<br \/>\nIvette Calder\u00f3n, Graduate.<\/p>\n<p><strong>Chair<\/strong>, Internship, Status: Proposal. 2007.<br \/>\nJacob Quinn, Graduate.<\/p>\n<p><span style=\"text-decoration: underline\"><strong>Supervised Internships<\/strong><\/span><\/p>\n<ul>\n<li>Najmeh Sayeh. Texas State University, Department of Geography. <em>Minority\/ized Languages NEH Project.<\/em> (2021-2022).<\/li>\n<li>Christopher Lough. Gettysburg College. <em>General Historia <\/em>project funded through MITACS. (40 hours per week) (2021-2022).<\/li>\n<li>Emma Van Demark. University of British Colombia. <em>General Historia<\/em> bibliography project funded through the Confluence of Religious Cultures in Medieval Historiography project based at the University of British Columbia, Canada (12 hours per week) (2021-2023).<\/li>\n<li>Edwin Alejandro Carrillo. <em>General Historia<\/em> bibliography project funded through the Confluence of Religious Cultures in Medieval Historiography project based at the University of British Columbia, Canada (2019-2021).<\/li>\n<li>Mohit Mehta. <em>Intercultural Teaching Project in Chile. <\/em>(2017).<\/li>\n<li>Ivette Calder\u00f3n. <em>El espa\u00f1ol en la ense\u00f1anza en M\u00e9xico.<\/em> (2008).<\/li>\n<li>Jacob Quinn. <em>S. Argentinian Wine Commerce<\/em>. (2007).<\/li>\n<\/ul>\n","protected":false},"excerpt":{"rendered":"<p>Dissertations: Member. PHD Committee. External. Jes\u00fas Aaron Carrasco Ju\u00e1rez. \u201cDanza de moros y cristianos en M\u00e9xico: S\u00edmbolos medievales vivos en el siglo XVI\u201d. Universidad Aut\u00f3noma de M\u00e9xico, FES Acatl\u00e1n. Director. Dr. Rodrigo Tirado. (expected completion 2023). Theses: Member,\u00a0Master\u00b4s Thesis, &#8220;Saving The Spanish Home Language in Elementary Schools,&#8221; Status. Completed. Summer 2022. Education Bilingual\/Bicultural. Director. Dr. [&hellip;]<\/p>\n","protected":false},"author":3915,"featured_media":0,"parent":20,"menu_order":0,"comment_status":"closed","ping_status":"closed","template":"","meta":{"footnotes":""},"class_list":["post-22","page","type-page","status-publish","hentry"],"_links":{"self":[{"href":"https:\/\/yasminebealerivaya.hcommons-staging.org\/index.php?rest_route=\/wp\/v2\/pages\/22","targetHints":{"allow":["GET"]}}],"collection":[{"href":"https:\/\/yasminebealerivaya.hcommons-staging.org\/index.php?rest_route=\/wp\/v2\/pages"}],"about":[{"href":"https:\/\/yasminebealerivaya.hcommons-staging.org\/index.php?rest_route=\/wp\/v2\/types\/page"}],"author":[{"embeddable":true,"href":"https:\/\/yasminebealerivaya.hcommons-staging.org\/index.php?rest_route=\/wp\/v2\/users\/3915"}],"replies":[{"embeddable":true,"href":"https:\/\/yasminebealerivaya.hcommons-staging.org\/index.php?rest_route=%2Fwp%2Fv2%2Fcomments&post=22"}],"version-history":[{"count":5,"href":"https:\/\/yasminebealerivaya.hcommons-staging.org\/index.php?rest_route=\/wp\/v2\/pages\/22\/revisions"}],"predecessor-version":[{"id":238,"href":"https:\/\/yasminebealerivaya.hcommons-staging.org\/index.php?rest_route=\/wp\/v2\/pages\/22\/revisions\/238"}],"up":[{"embeddable":true,"href":"https:\/\/yasminebealerivaya.hcommons-staging.org\/index.php?rest_route=\/wp\/v2\/pages\/20"}],"wp:attachment":[{"href":"https:\/\/yasminebealerivaya.hcommons-staging.org\/index.php?rest_route=%2Fwp%2Fv2%2Fmedia&parent=22"}],"curies":[{"name":"wp","href":"https:\/\/api.w.org\/{rel}","templated":true}]}}