{"id":30,"date":"2021-02-01T13:12:32","date_gmt":"2021-02-01T19:12:32","guid":{"rendered":"https:\/\/yasminebealerivaya.hcommons-staging.org\/?page_id=30"},"modified":"2021-02-03T14:32:05","modified_gmt":"2021-02-03T20:32:05","slug":"beyond-the-classroom","status":"publish","type":"page","link":"https:\/\/yasminebealerivaya.hcommons-staging.org\/?page_id=30","title":{"rendered":"Beyond the Classroom &amp; Engagement"},"content":{"rendered":"<p style=\"text-align: center\"><strong>Other Teaching Initiatives<\/strong><\/p>\n<p><strong>Community:<\/strong><br \/>\nCoordinator. Campus visits and Presentations by Canyon HS New Braunfels, TX. Spanish Students. \u201cSpanish in Local Texas Businesses\u201d (2016 &#8211; 2019). Cancelled in 2020 due to Covid-19.<\/p>\n<p><strong>Invited Speaker Series<\/strong><\/p>\n<ul>\n<li>Dr. Ixtaco Rodriguez. Assistant Professor. Cal-State Long Beach<br \/>\n<em>Basque Language in Contact with Spanish<\/em><\/li>\n<li>Dr. Vicente Guillem. Professor. Hofstra University &amp; Mari\u00e0 Villang\u00f3mez Visiting Chair of Catalan Studies at Leipzig University in Germany.<br \/>\n<em>The Making of Catalan Linguistic Identity<\/em><\/li>\n<li>Dr. Angela Helmer. Professor. University of South Dakota<br \/>\n<em>Colonizaci\u00f3n y Lengua: El caso del Per\u00fa<\/em><\/li>\n<li>Dr. Catherine Fountain. Professor. Appalachian State University<br \/>\n<em>M\u00e1s all\u00e1 del chocolate: el legado del n\u00e1huatl en el espa\u00f1ol<\/em><\/li>\n<li>Dr. Dr. Covadonga Lamar Prieto. Associate Professor, Director SoCal Lab<br \/>\nUC- Riverside<br \/>\n<em>La lengua espa\u00f1ola en California<\/em><\/li>\n<li>Dr. Susan Plann. Professor Emerita. UCLA<br \/>\n<em>Applying Spanish Sign Language<\/em><\/li>\n<li>Dr. Angela Nonaka. Assistant Professor. UT-Austin<br \/>\n<em>Models of Sign Language Communities<\/em><\/li>\n<\/ul>\n<p>In my <strong>community engagement courses<\/strong>, I ask students to partner with a local organization for their course project.<\/p>\n<p>Partners have included:<\/p>\n<p><em>Off campus<\/em><br \/>\nAustin Water Center for Environmental Research<br \/>\nHornsby Bend Bird Migration<br \/>\nPronatura Norueste Association<br \/>\nAustin Youth River Watch<br \/>\nTreefolks<br \/>\nS.A.F.E<br \/>\nAny Baby Can<br \/>\nCasa Marielena<br \/>\nSan Marcos Public Library<\/p>\n<p><em>On Campus<\/em><br \/>\nDean of Student\u2019s office<br \/>\nTxState- Welcome Center and Parent Outreach<\/p>\n","protected":false},"excerpt":{"rendered":"<p>Other Teaching Initiatives Community: Coordinator. Campus visits and Presentations by Canyon HS New Braunfels, TX. Spanish Students. \u201cSpanish in Local Texas Businesses\u201d (2016 &#8211; 2019). Cancelled in 2020 due to Covid-19. Invited Speaker Series Dr. Ixtaco Rodriguez. Assistant Professor. Cal-State Long Beach Basque Language in Contact with Spanish Dr. Vicente Guillem. Professor. Hofstra University &amp; [&hellip;]<\/p>\n","protected":false},"author":3915,"featured_media":0,"parent":20,"menu_order":0,"comment_status":"closed","ping_status":"closed","template":"","meta":{"footnotes":""},"class_list":["post-30","page","type-page","status-publish","hentry"],"_links":{"self":[{"href":"https:\/\/yasminebealerivaya.hcommons-staging.org\/index.php?rest_route=\/wp\/v2\/pages\/30","targetHints":{"allow":["GET"]}}],"collection":[{"href":"https:\/\/yasminebealerivaya.hcommons-staging.org\/index.php?rest_route=\/wp\/v2\/pages"}],"about":[{"href":"https:\/\/yasminebealerivaya.hcommons-staging.org\/index.php?rest_route=\/wp\/v2\/types\/page"}],"author":[{"embeddable":true,"href":"https:\/\/yasminebealerivaya.hcommons-staging.org\/index.php?rest_route=\/wp\/v2\/users\/3915"}],"replies":[{"embeddable":true,"href":"https:\/\/yasminebealerivaya.hcommons-staging.org\/index.php?rest_route=%2Fwp%2Fv2%2Fcomments&post=30"}],"version-history":[{"count":6,"href":"https:\/\/yasminebealerivaya.hcommons-staging.org\/index.php?rest_route=\/wp\/v2\/pages\/30\/revisions"}],"predecessor-version":[{"id":129,"href":"https:\/\/yasminebealerivaya.hcommons-staging.org\/index.php?rest_route=\/wp\/v2\/pages\/30\/revisions\/129"}],"up":[{"embeddable":true,"href":"https:\/\/yasminebealerivaya.hcommons-staging.org\/index.php?rest_route=\/wp\/v2\/pages\/20"}],"wp:attachment":[{"href":"https:\/\/yasminebealerivaya.hcommons-staging.org\/index.php?rest_route=%2Fwp%2Fv2%2Fmedia&parent=30"}],"curies":[{"name":"wp","href":"https:\/\/api.w.org\/{rel}","templated":true}]}}